{"id":50,"date":"2023-02-08T10:03:18","date_gmt":"2023-02-08T09:03:18","guid":{"rendered":"http:\/\/lesjardinsdekerdalo.com\/?page_id=50"},"modified":"2026-02-09T11:54:04","modified_gmt":"2026-02-09T10:54:04","slug":"page-information","status":"publish","type":"page","link":"https:\/\/lesjardinsdekerdalo.com\/?page_id=50","title":{"rendered":"Page information"},"content":{"rendered":"\n<div class=\"wp-block-columns page-info-col has-background-green-background-color has-background is-layout-flex wp-container-core-columns-is-layout-b7a3453d wp-block-columns-is-layout-flex\" style=\"margin-top:0px;margin-bottom:0px;padding-top:86px;padding-right:0px;padding-bottom:0px;padding-left:0px\">\n<div class=\"wp-block-column is-layout-flow wp-block-column-is-layout-flow\" style=\"padding-bottom:20px;flex-basis:50vw\">\n<figure class=\"wp-block-image size-full page-info-img-full\"><img loading=\"lazy\" decoding=\"async\" width=\"951\" height=\"431\" src=\"https:\/\/lesjardinsdekerdalo.com\/wp-content\/uploads\/2023\/03\/Composant-53-\u2013-1.png\" alt=\"\" class=\"wp-image-569\" style=\"object-fit:cover\" srcset=\"https:\/\/lesjardinsdekerdalo.com\/wp-content\/uploads\/2023\/03\/Composant-53-\u2013-1.png 951w, https:\/\/lesjardinsdekerdalo.com\/wp-content\/uploads\/2023\/03\/Composant-53-\u2013-1-300x136.png 300w, https:\/\/lesjardinsdekerdalo.com\/wp-content\/uploads\/2023\/03\/Composant-53-\u2013-1-768x348.png 768w\" sizes=\"auto, (max-width: 951px) 100vw, 951px\" \/><\/figure>\n\n\n\n<div class=\"wp-block-group is-layout-flow wp-block-group-is-layout-flow\" style=\"padding-right:30px;padding-left:50px\">\n<h2 class=\"wp-block-heading has-white-color has-text-color has-atlantic-font-family has-title-font-size\" style=\"font-style:normal;font-weight:400\">Venir aux Jardins de Kerdalo<\/h2>\n\n\n\n<h6 class=\"wp-block-heading page-info-p-carte has-white-color has-text-color has-apercu-font-family has-texte-font-size\" style=\"margin-top:0;margin-right:0;margin-bottom:0;margin-left:0;font-style:normal;font-weight:400\">Les Jardins de Kerdalo<\/h6>\n\n\n\n<p class=\"page-info-p has-white-color has-text-color has-apercu-font-family has-texte-font-size\" style=\"font-style:normal;font-weight:300\">22&nbsp;220 Tr\u00e9darzec, Bretagne<br>France<\/p>\n\n\n\n<div class=\"wp-block-buttons is-nowrap is-layout-flex wp-container-core-buttons-is-layout-ce68ff0e wp-block-buttons-is-layout-flex\" style=\"margin-bottom:20px\">\n<div class=\"wp-block-button\"><a class=\"wp-block-button__link has-background-green-color has-white-background-color has-text-color has-background wp-element-button\" href=\"https:\/\/goo.gl\/maps\/Wt1fQkpDYLNAr3pg6\" style=\"border-radius:0px\" target=\"_blank\" rel=\"noreferrer noopener\">Voir sur Google Map<\/a><\/div>\n<\/div>\n\n\n\n<h6 class=\"wp-block-heading page-info-p-remarque has-white-color has-text-color has-apercu-font-family has-texte-font-size\" style=\"margin-top:0;margin-right:0;margin-bottom:0;margin-left:0;font-style:normal;font-weight:400\">Remarques importantes :<\/h6>\n\n\n\n<p class=\"page-info-p has-white-color has-text-color has-apercu-font-family has-texte-font-size\" style=\"font-style:normal;font-weight:300\">La maison est une propri\u00e9t\u00e9 priv\u00e9e et ne se visite pas.<br><br>Il est important de noter que des chemins parfois \u00e9troits ainsi que des niveaux de sol diff\u00e9rents peuvent rendre l&#8217;acc\u00e8s difficile pour les personnes \u00e2g\u00e9es et IMPOSSIBLE pour les personnes \u00e0 mobilit\u00e9 r\u00e9duite.<br><br>La pr\u00e9sence de nombreux bassins et \u00e9tangs demande une surveillance accrue des enfants.<br><br>Les chiens sont accept\u00e9s tenus en laisse. Merci de penser au ramassage des d\u00e9jections \u00e9ventuelles. <br><br>Parking et toilettes sur le site.<\/p>\n<\/div>\n<\/div>\n\n\n\n<div class=\"wp-block-column is-layout-flow wp-block-column-is-layout-flow\" style=\"flex-basis:50vw\">\n<iframe src=\"https:\/\/www.google.com\/maps\/embed?pb=!1m14!1m8!1m3!1d10514.351442279478!2d-3.216483!3d48.789758!3m2!1i1024!2i768!4f13.1!3m3!1m2!1s0x481218e76510aefb%3A0xee6e84472ce719d!2sLes%20Jardins%20de%20Kerdalo!5e0!3m2!1sfr!2sfr!4v1679010662558!5m2!1sfr!2sfr\" frameborder=\"0\" style=\"overflow:hidden;height:100%;width:100%\" height=\"100%\" width=\"100%\" allowfullscreen=\"\" loading=\"lazy\" referrerpolicy=\"no-referrer-when-downgrade\"><\/iframe>\n<\/div>\n<\/div>\n\n\n\n<div class=\"wp-block-group has-green-color has-text-color has-background is-layout-flow wp-block-group-is-layout-flow\" style=\"background-color:#eff1a3;margin-top:0px;margin-bottom:0px;padding-right:30px;padding-left:50px\">\n<h6 class=\"wp-block-heading page-info-p-tarif has-green-color has-text-color has-apercu-font-family has-texte-font-size\" style=\"margin-top:0;margin-right:0;margin-bottom:0;margin-left:0;font-style:normal;font-weight:400\">Tarifs :<\/h6>\n\n\n\n<p class=\"page-info-p has-green-color has-text-color has-apercu-font-family has-texte-font-size\" style=\"font-style:normal;font-weight:300\">&#8211; <u>Individuel :<\/u> 12\u20ac<br>&#8211; <u>Moins de 26 ans :<\/u> 5\u20ac<br>&#8211; <u>Moins de 7 ans :<\/u> Gratuit<br><br>Paiement par cartes bancaires, esp\u00e8ces, ch\u00e8ques et ch\u00e8ques vacances<\/p>\n<\/div>\n\n\n\n<div class=\"wp-block-group has-green-color has-text-color has-background is-layout-flow wp-block-group-is-layout-flow\" style=\"background-color:#fafbe3;margin-top:0px;margin-bottom:0px;padding-right:30px;padding-left:50px\">\n<h6 class=\"wp-block-heading page-info-p-planning has-green-color has-text-color has-apercu-font-family has-texte-font-size\" style=\"margin-top:0;margin-right:0;margin-bottom:0;margin-left:0;font-style:normal;font-weight:400\">P\u00e9riodes et Horaires d\u2019ouverture :<\/h6>\n\n\n\n<p class=\"page-info-p has-green-color has-text-color has-apercu-font-family has-texte-font-size\" style=\"font-style:normal;font-weight:300\">Du 30 mars \u00e0 fin septembre. Fermeture du 22 au 30 mai puis du 19 au 27 juin 2026.<\/p>\n\n\n\n<p class=\"page-info-p has-green-color has-text-color has-apercu-font-family has-texte-font-size\" style=\"font-style:normal;font-weight:300\">En cas de temp\u00eate ou de fortes chaleurs, les Jardins peuvent \u00eatre ferm\u00e9s inopin\u00e9ment.<br><br>Visite libre, sans r\u00e9servation, selon les horaires suivants :<br>Dimanche : 14h30 &#8211; 18h30 <br>Lundi : 14h30 &#8211; 18h30 <br>Mardi : 10h &#8211; 13h puis 14h30 &#8211; 18h30 <br>Mercredi : 10h &#8211; 13h puis 14h30 &#8211; 18h30 <br>Jeudi : 10h &#8211; 13h puis 14h30 &#8211; 18h30 <br>Derni\u00e8re entr\u00e9e \u00e0 11h30 et 17h <br><strong>Fermeture les vendredis et samedis <br><\/strong><br>Visites guid\u00e9es en matin\u00e9e, sur rendez-vous : <br>Groupe de 10 personnes et plus : 20\u20ac \/ pers. <br>Groupe de moins de 10 personnes : Forfait 200\u20ac <br>Dur\u00e9e : entre 1h30 et 2h00. <br>Paiement sur place<\/p>\n<\/div>\n","protected":false},"excerpt":{"rendered":"<p>Venir aux Jardins de Kerdalo Les Jardins de Kerdalo 22&nbsp;220 Tr\u00e9darzec, BretagneFrance Remarques importantes : La maison est une propri\u00e9t\u00e9 priv\u00e9e et ne se visite pas. Il est important de noter que des chemins parfois \u00e9troits ainsi que des niveaux de sol diff\u00e9rents peuvent rendre l&#8217;acc\u00e8s difficile pour les personnes \u00e2g\u00e9es et IMPOSSIBLE pour les [&hellip;]<\/p>\n","protected":false},"author":1,"featured_media":0,"parent":0,"menu_order":0,"comment_status":"closed","ping_status":"closed","template":"","meta":{"inline_featured_image":false,"footnotes":""},"class_list":["post-50","page","type-page","status-publish","hentry"],"lang":"fr","translations":{"fr":50,"en":1379},"pll_sync_post":[],"_links":{"self":[{"href":"https:\/\/lesjardinsdekerdalo.com\/index.php?rest_route=\/wp\/v2\/pages\/50","targetHints":{"allow":["GET"]}}],"collection":[{"href":"https:\/\/lesjardinsdekerdalo.com\/index.php?rest_route=\/wp\/v2\/pages"}],"about":[{"href":"https:\/\/lesjardinsdekerdalo.com\/index.php?rest_route=\/wp\/v2\/types\/page"}],"author":[{"embeddable":true,"href":"https:\/\/lesjardinsdekerdalo.com\/index.php?rest_route=\/wp\/v2\/users\/1"}],"replies":[{"embeddable":true,"href":"https:\/\/lesjardinsdekerdalo.com\/index.php?rest_route=%2Fwp%2Fv2%2Fcomments&post=50"}],"version-history":[{"count":36,"href":"https:\/\/lesjardinsdekerdalo.com\/index.php?rest_route=\/wp\/v2\/pages\/50\/revisions"}],"predecessor-version":[{"id":1469,"href":"https:\/\/lesjardinsdekerdalo.com\/index.php?rest_route=\/wp\/v2\/pages\/50\/revisions\/1469"}],"wp:attachment":[{"href":"https:\/\/lesjardinsdekerdalo.com\/index.php?rest_route=%2Fwp%2Fv2%2Fmedia&parent=50"}],"curies":[{"name":"wp","href":"https:\/\/api.w.org\/{rel}","templated":true}]}}